{"id":1772,"date":"2025-07-01T19:18:36","date_gmt":"2025-07-01T19:18:36","guid":{"rendered":"https:\/\/becompuec.com\/?post_type=product&#038;p=1772"},"modified":"2025-08-04T15:27:58","modified_gmt":"2025-08-04T15:27:58","slug":"amelia","status":"publish","type":"product","link":"https:\/\/becompuec.com\/index.php\/product\/amelia\/","title":{"rendered":"Amelia"},"content":{"rendered":"<p>Sistema de facturaci\u00f3n electr\u00f3nica que te permitir\u00e1 la emisi\u00f3n de:<\/p>\n<ul>\n<li>Facturas<\/li>\n<li>Notas de cr\u00e9dito<\/li>\n<li>Notas de d\u00e9bito<\/li>\n<li>Gu\u00edas de remisi\u00f3n<\/li>\n<li>Liquidaciones de compra<\/li>\n<li>Retenciones<\/li>\n<li>Proformas<\/li>\n<\/ul>\n<p>\u00a1Adem\u00e1s de eso podr\u00e1s generar reportes y mucho m\u00e1s!<\/p>\n","protected":false},"excerpt":{"rendered":"<p>Facturador Electr\u00f3nico<\/p>\n","protected":false},"featured_media":1773,"comment_status":"open","ping_status":"closed","template":"","meta":[],"etheme_brands":[],"product_brand":[],"product_cat":[68],"product_tag":[],"class_list":{"0":"post-1772","1":"product","2":"type-product","3":"status-publish","4":"has-post-thumbnail","6":"product_cat-facturador-electronico","8":"first","9":"instock","10":"taxable","11":"shipping-taxable","12":"purchasable","13":"product-type-variable"},"jetpack_sharing_enabled":true,"_links":{"self":[{"href":"https:\/\/becompuec.com\/index.php\/wp-json\/wp\/v2\/product\/1772","targetHints":{"allow":["GET"]}}],"collection":[{"href":"https:\/\/becompuec.com\/index.php\/wp-json\/wp\/v2\/product"}],"about":[{"href":"https:\/\/becompuec.com\/index.php\/wp-json\/wp\/v2\/types\/product"}],"replies":[{"embeddable":true,"href":"https:\/\/becompuec.com\/index.php\/wp-json\/wp\/v2\/comments?post=1772"}],"version-history":[{"count":4,"href":"https:\/\/becompuec.com\/index.php\/wp-json\/wp\/v2\/product\/1772\/revisions"}],"predecessor-version":[{"id":1930,"href":"https:\/\/becompuec.com\/index.php\/wp-json\/wp\/v2\/product\/1772\/revisions\/1930"}],"wp:featuredmedia":[{"embeddable":true,"href":"https:\/\/becompuec.com\/index.php\/wp-json\/wp\/v2\/media\/1773"}],"wp:attachment":[{"href":"https:\/\/becompuec.com\/index.php\/wp-json\/wp\/v2\/media?parent=1772"}],"wp:term":[{"taxonomy":"brand","embeddable":true,"href":"https:\/\/becompuec.com\/index.php\/wp-json\/wp\/v2\/etheme_brands?post=1772"},{"taxonomy":"product_brand","embeddable":true,"href":"https:\/\/becompuec.com\/index.php\/wp-json\/wp\/v2\/product_brand?post=1772"},{"taxonomy":"product_cat","embeddable":true,"href":"https:\/\/becompuec.com\/index.php\/wp-json\/wp\/v2\/product_cat?post=1772"},{"taxonomy":"product_tag","embeddable":true,"href":"https:\/\/becompuec.com\/index.php\/wp-json\/wp\/v2\/product_tag?post=1772"}],"curies":[{"name":"wp","href":"https:\/\/api.w.org\/{rel}","templated":true}]}}